{"id":30,"date":"2026-03-27T10:18:31","date_gmt":"2026-03-27T09:18:31","guid":{"rendered":"https:\/\/www.asin-grup.com\/?page_id=30"},"modified":"2026-03-30T14:02:57","modified_gmt":"2026-03-30T12:02:57","slug":"benvinguts","status":"publish","type":"page","link":"https:\/\/www.asin-grup.com\/?page_id=30&lang=ca","title":{"rendered":"benvinguts"},"content":{"rendered":"<style>\n  .asingrup-home {\n    font-family: Arial, Helvetica, sans-serif;\n    color: #1f2937;\n    line-height: 1.6;\n    background: #ffffff;\n  }<\/p>\n<p>  .asingrup-home * {\n    box-sizing: border-box;\n  }<\/p>\n<p>  .asingrup-container {\n    width: 100%;\n    max-width: 1180px;\n    margin: 0 auto;\n    padding: 0 24px;\n  }<\/p>\n<p>  .asingrup-hero {\n    background: linear-gradient(135deg, #0f172a 0%, #1e293b 55%, #334155 100%);\n    color: #ffffff;\n    padding: 90px 0 80px;\n  }<\/p>\n<p>  .asingrup-hero-grid {\n    display: grid;\n    grid-template-columns: 1.2fr 0.8fr;\n    gap: 40px;\n    align-items: center;\n  }<\/p>\n<p>  .asingrup-badge {\n    display: inline-block;\n    padding: 8px 14px;\n    background: rgba(255,255,255,0.12);\n    border: 1px solid rgba(255,255,255,0.18);\n    border-radius: 999px;\n    font-size: 13px;\n    margin-bottom: 18px;\n  }<\/p>\n<p>  .asingrup-hero h1 {\n    font-size: 46px;\n    line-height: 1.15;\n    margin: 0 0 20px;\n    color: #ffffff;\n  }<\/p>\n<p>  .asingrup-hero p {\n    font-size: 18px;\n    margin: 0 0 28px;\n    color: rgba(255,255,255,0.9);\n  }<\/p>\n<p>  .asingrup-btns {\n    display: flex;\n    gap: 14px;\n    flex-wrap: wrap;\n    margin-top: 10px;\n  }<\/p>\n<p>  .asingrup-btn {\n    display: inline-block;\n    padding: 14px 22px;\n    border-radius: 8px;\n    text-decoration: none;\n    font-weight: 600;\n    transition: 0.25s ease;\n  }<\/p>\n<p>  .asingrup-btn-primary {\n    background: #ffffff;\n    color: #0f172a;\n  }<\/p>\n<p>  .asingrup-btn-primary:hover {\n    background: #e5e7eb;\n  }<\/p>\n<p>  .asingrup-btn-secondary {\n    border: 1px solid rgba(255,255,255,0.35);\n    color: #ffffff;\n    background: transparent;\n  }<\/p>\n<p>  .asingrup-btn-secondary:hover {\n    background: rgba(255,255,255,0.08);\n  }<\/p>\n<p>  .asingrup-hero-card {\n    background: rgba(255,255,255,0.08);\n    border: 1px solid rgba(255,255,255,0.14);\n    border-radius: 16px;\n    padding: 28px;\n    backdrop-filter: blur(6px);\n  }<\/p>\n<p>  .asingrup-hero-card h3 {\n    margin: 0 0 16px;\n    font-size: 20px;\n    color: #ffffff;\n  }<\/p>\n<p>  .asingrup-hero-card ul {\n    padding: 0;\n    margin: 0;\n    list-style: none;\n  }<\/p>\n<p>  .asingrup-hero-card li {\n    padding: 10px 0;\n    border-bottom: 1px solid rgba(255,255,255,0.12);\n    color: rgba(255,255,255,0.92);\n  }<\/p>\n<p>  .asingrup-hero-card li:last-child {\n    border-bottom: none;\n  }<\/p>\n<p>  .asingrup-section {\n    padding: 72px 0;\n  }<\/p>\n<p>  .asingrup-section-light {\n    background: #f8fafc;\n  }<\/p>\n<p>  .asingrup-section h2 {\n    font-size: 34px;\n    line-height: 1.2;\n    margin: 0 0 16px;\n    color: #0f172a;\n    text-align: center;\n  }<\/p>\n<p>  .asingrup-section-intro {\n    max-width: 800px;\n    margin: 0 auto 42px;\n    text-align: center;\n    color: #475569;\n    font-size: 17px;\n  }<\/p>\n<p>  .asingrup-grid-3 {\n    display: grid;\n    grid-template-columns: repeat(3, 1fr);\n    gap: 24px;\n  }<\/p>\n<p>  .asingrup-grid-2 {\n    display: grid;\n    grid-template-columns: repeat(2, 1fr);\n    gap: 24px;\n  }<\/p>\n<p>  .asingrup-card {\n    background: #ffffff;\n    border: 1px solid #e5e7eb;\n    border-radius: 16px;\n    padding: 28px;\n    box-shadow: 0 10px 30px rgba(15, 23, 42, 0.04);\n    height: 100%;\n  }<\/p>\n<p>  .asingrup-card h3 {\n    margin: 0 0 14px;\n    font-size: 22px;\n    color: #0f172a;\n  }<\/p>\n<p>  .asingrup-card p {\n    margin: 0 0 14px;\n    color: #475569;\n  }<\/p>\n<p>  .asingrup-list {\n    margin: 16px 0 0;\n    padding-left: 18px;\n    color: #475569;\n  }<\/p>\n<p>  .asingrup-list li {\n    margin-bottom: 8px;\n  }<\/p>\n<p>  .asingrup-dark {\n    background: #0f172a;\n    color: #ffffff;\n  }<\/p>\n<p>  .asingrup-dark h2,\n  .asingrup-dark h3 {\n    color: #ffffff;\n  }<\/p>\n<p>  .asingrup-dark .asingrup-section-intro,\n  .asingrup-dark p,\n  .asingrup-dark li {\n    color: rgba(255,255,255,0.88);\n  }<\/p>\n<p>  .asingrup-dark .asingrup-card {\n    background: rgba(255,255,255,0.06);\n    border: 1px solid rgba(255,255,255,0.1);\n    box-shadow: none;\n  }<\/p>\n<p>  .asingrup-highlight {\n    border-left: 4px solid #0f172a;\n    padding: 18px 22px;\n    background: #f8fafc;\n    border-radius: 10px;\n    color: #334155;\n    max-width: 900px;\n    margin: 0 auto;\n  }<\/p>\n<p>  .asingrup-cta {\n    text-align: center;\n    padding: 72px 0;\n    background: linear-gradient(135deg, #111827 0%, #1f2937 100%);\n    color: #ffffff;\n  }<\/p>\n<p>  .asingrup-cta h2 {\n    color: #ffffff;\n    margin-bottom: 16px;\n  }<\/p>\n<p>  .asingrup-cta p {\n    max-width: 780px;\n    margin: 0 auto 26px;\n    color: rgba(255,255,255,0.88);\n    font-size: 17px;\n  }<\/p>\n<p>  .asingrup-contact-list {\n    display: flex;\n    justify-content: center;\n    gap: 14px;\n    flex-wrap: wrap;\n    margin-top: 20px;\n  }<\/p>\n<p>  .asingrup-contact-list a {\n    color: #ffffff;\n    text-decoration: none;\n    border: 1px solid rgba(255,255,255,0.18);\n    padding: 12px 18px;\n    border-radius: 8px;\n  }<\/p>\n<p>  .asingrup-contact-list a:hover {\n    background: rgba(255,255,255,0.08);\n  }<\/p>\n<p>  @media (max-width: 980px) {\n    .asingrup-hero-grid,\n    .asingrup-grid-3,\n    .asingrup-grid-2 {\n      grid-template-columns: 1fr;\n    }<\/p>\n<p>    .asingrup-hero h1 {\n      font-size: 36px;\n    }\n  }<\/p>\n<p>  @media (max-width: 640px) {\n    .asingrup-hero {\n      padding: 70px 0 60px;\n    }<\/p>\n<p>    .asingrup-section,\n    .asingrup-cta {\n      padding: 56px 0;\n    }<\/p>\n<p>    .asingrup-hero h1 {\n      font-size: 30px;\n    }<\/p>\n<p>    .asingrup-section h2 {\n      font-size: 28px;\n    }<\/p>\n<p>    .asingrup-container {\n      padding: 0 18px;\n    }\n  }\n<\/style>\n<div class=\"asingrup-home\">\n<section class=\"asingrup-hero\">\n<div class=\"asingrup-container\">\n<div class=\"asingrup-hero-grid\">\n<div>\n<h1>Asin Grup, el seu soci en assist\u00e8ncia t\u00e8cnica, digital i portage salarial<\/h1>\n<p>\n            Asin Grup acompanya les empreses en les seves necessitats de refor\u00e7 operatiu, expertesa en IT i digital,<br \/>\n            portage salarial, aix\u00ed com en la posada a disposici\u00f3 de perfils qualificats per a una \u00e0mplia varietat de funcions,<br \/>\n            inclosos els entorns industrials.\n          <\/p>\n<div class=\"asingrup-btns\">\n            <a href=\"#services\" class=\"asingrup-btn asingrup-btn-primary\">Descobrir els nostres serveis<\/a><br \/>\n            <a href=\"#contact\" class=\"asingrup-btn asingrup-btn-secondary\">Contactar-nos<\/a>\n          <\/div>\n<\/p><\/div>\n<div class=\"asingrup-hero-card\">\n<h3>El nostre posicionament<\/h3>\n<ul>\n<li>Assist\u00e8ncia t\u00e8cnica IT i digital<\/li>\n<li>Portage salarial per a consultors i experts<\/li>\n<li>Perfils t\u00e8cnics, funcionals i de negoci<\/li>\n<li>Recursos IT, digitals i industrials<\/li>\n<li>Enfocament reactiu, flexible i orientat a resultats<\/li>\n<\/ul><\/div>\n<\/p><\/div>\n<\/p><\/div>\n<\/section>\n<section class=\"asingrup-section\">\n<div class=\"asingrup-container\">\n<h2>Una ESN \u00e0gil, al servei dels seus projectes<\/h2>\n<p class=\"asingrup-section-intro\">\n        Intervenim amb empreses que busquen flexibilitat, capacitat de reacci\u00f3 i perfils fiables<br \/>\n        per refor\u00e7ar els seus equips, assegurar els seus projectes o absorbir un increment d\u2019activitat.\n      <\/p>\n<div class=\"asingrup-highlight\">\n        Asin Grup es posiciona en missions d\u2019assist\u00e8ncia t\u00e8cnica en IT i digital, per\u00f2 tamb\u00e9 en<br \/>\n        necessitats m\u00e9s \u00e0mplies de selecci\u00f3, posada a disposici\u00f3 de compet\u00e8ncies i portage salarial,<br \/>\n        inclosos perfils provinents del sector industrial.\n      <\/div>\n<\/p><\/div>\n<\/section>\n<section id=\"services\" class=\"asingrup-section asingrup-section-light\">\n<div class=\"asingrup-container\">\n<h2>Els nostres serveis<\/h2>\n<p class=\"asingrup-section-intro\">\n        Una oferta simple, clara i adaptable a les seves limitacions operatives, pressupost\u00e0ries i organitzatives.\n      <\/p>\n<div class=\"asingrup-grid-3\">\n<div class=\"asingrup-card\">\n<h3>Assist\u00e8ncia t\u00e8cnica<\/h3>\n<p>\n            Posem a disposici\u00f3 consultors i experts per refor\u00e7ar els seus equips en necessitats puntuals<br \/>\n            o de m\u00e9s llarg termini.\n          <\/p>\n<ul class=\"asingrup-list\">\n<li>Infraestructura i sistemes<\/li>\n<li>Cloud, DevOps, producci\u00f3, suport<\/li>\n<li>Desenvolupament, data, ciberseguretat<\/li>\n<li>Direcci\u00f3 de projecte, AMOA, PMO<\/li>\n<li>UX, producte, digital, e-commerce<\/li>\n<\/ul><\/div>\n<div class=\"asingrup-card\">\n<h3>Portage salarial<\/h3>\n<p>\n            Acompanyem independents, experts i consultors que volen beneficiar-se d\u2019un marc simple,<br \/>\n            segur i flexible per exercir la seva activitat.\n          <\/p>\n<ul class=\"asingrup-list\">\n<li>Marc administratiu simplificat<\/li>\n<li>Gesti\u00f3 contractual i facturaci\u00f3<\/li>\n<li>Acompanyament consultor \/ client<\/li>\n<li>Flexibilitat per a missions puntuals<\/li>\n<li>Soluci\u00f3 adaptada a perfils experimentats<\/li>\n<\/ul><\/div>\n<div class=\"asingrup-card\">\n<h3>Cerca de perfils variats<\/h3>\n<p>\n            M\u00e9s enll\u00e0 dels llocs purament IT, tamb\u00e9 podem intervenir amb perfils m\u00e9s transversals<br \/>\n            o especialitzats, inclosos aquells en entorns industrials.\n          <\/p>\n<ul class=\"asingrup-list\">\n<li>Perfils t\u00e8cnics i de negoci<\/li>\n<li>Perfils de suport, coordinaci\u00f3 i pilotatge<\/li>\n<li>Perfils industrials i de terreny<\/li>\n<li>Refor\u00e7os puntuals o necessitats recurrents<\/li>\n<li>Enfocament espec\u00edfic segons el seu context<\/li>\n<\/ul><\/div>\n<\/p><\/div>\n<\/p><\/div>\n<\/section>\n<section class=\"asingrup-section asingrup-dark\">\n<div class=\"asingrup-container\">\n<h2>Compet\u00e8ncies per a entorns exigents<\/h2>\n<p class=\"asingrup-section-intro\">\n        Donem resposta a necessitats molt diferents, amb una l\u00f2gica comuna: trobar el recurs adequat,<br \/>\n        en el moment adequat i amb el nivell de comprom\u00eds adequat.\n      <\/p>\n<div class=\"asingrup-grid-2\">\n<div class=\"asingrup-card\">\n<h3>IT i digital<\/h3>\n<ul class=\"asingrup-list\">\n<li>Infraestructura, sistemes i xarxes<\/li>\n<li>Administraci\u00f3 cloud i plataformes<\/li>\n<li>Desenvolupament web i aplicatiu<\/li>\n<li>Data, BI, automatitzaci\u00f3<\/li>\n<li>Ciberseguretat i governan\u00e7a<\/li>\n<li>Producte, UX, m\u00e0rqueting digital<\/li>\n<\/ul><\/div>\n<div class=\"asingrup-card\">\n<h3>Perfils ampliats i industrials<\/h3>\n<ul class=\"asingrup-list\">\n<li>Coordinadors i responsables d\u2019activitat<\/li>\n<li>Caps de projecte i perfils funcionals<\/li>\n<li>T\u00e8cnics, explotaci\u00f3, manteniment<\/li>\n<li>Perfils vinculats a entorns industrials<\/li>\n<li>Necessitats h\u00edbrides entre terreny i digital<\/li>\n<li>Recursos adaptats a contextos espec\u00edfics<\/li>\n<\/ul><\/div>\n<\/p><\/div>\n<\/p><\/div>\n<\/section>\n<section class=\"asingrup-section\">\n<div class=\"asingrup-container\">\n<h2>Per qu\u00e8 Asin Grup<\/h2>\n<p class=\"asingrup-section-intro\">\n        Prioritzem una relaci\u00f3 directa, una comprensi\u00f3 precisa de la necessitat i la capacitat de proposar solucions<br \/>\n        realistes, operatives i mobilitzables r\u00e0pidament.\n      <\/p>\n<div class=\"asingrup-grid-3\">\n<div class=\"asingrup-card\">\n<h3>Capacitat de reacci\u00f3<\/h3>\n<p>\n            Sabem intervenir r\u00e0pidament en necessitats urgents, substitucions, increments d\u2019activitat<br \/>\n            o contextos de transformaci\u00f3.\n          <\/p>\n<\/p><\/div>\n<div class=\"asingrup-card\">\n<h3>Flexibilitat<\/h3>\n<p>\n            Assist\u00e8ncia t\u00e8cnica, portage salarial, cerca de perfils espec\u00edfics: adaptem la nostra manera<br \/>\n            d\u2019intervenir al seu context.\n          <\/p>\n<\/p><\/div>\n<div class=\"asingrup-card\">\n<h3>Visi\u00f3 \u00e0mplia de les necessitats<\/h3>\n<p>\n            No ens limitem a un sol tipus de lloc. El nostre enfocament cobreix tant IT i digital com<br \/>\n            perfils m\u00e9s transversals o industrials.\n          <\/p>\n<\/p><\/div>\n<\/p><\/div>\n<\/p><\/div>\n<\/section>\n<section id=\"contact\" class=\"asingrup-cta\">\n<div class=\"asingrup-container\">\n<h2>Parlem de la seva necessitat<\/h2>\n<p>\n        Busca un refor\u00e7 en assist\u00e8ncia t\u00e8cnica, una soluci\u00f3 de portage salarial o un perfil espec\u00edfic<br \/>\n        en IT, digital o ind\u00fastria? Parlem de la seva necessitat i identifiquem junts la soluci\u00f3 m\u00e9s adequada.\n      <\/p>\n<div class=\"asingrup-btns\" style=\"justify-content:center;\">\n        <a href=\"mailto:contact@asin-grup.com\" class=\"asingrup-btn asingrup-btn-primary\">Escrigui\u2019ns<\/a><br \/>\n        <a href=\"tel:+33672235107\" class=\"asingrup-btn asingrup-btn-secondary\">Truqui\u2019ns<\/a>\n      <\/div>\n<div class=\"asingrup-contact-list\">\n        <a href=\"mailto:contact@asin-grup.com\">contact@asin-grup.com<\/a><br \/>\n        <a href=\"tel:+33672235107\">+33 6 72 23 51 07<\/a>\n      <\/div>\n<\/p><\/div>\n<\/section>\n<\/div>\n","protected":false},"excerpt":{"rendered":"<p>Asin Grup, el seu soci en assist\u00e8ncia t\u00e8cnica, digital i portage salarial Asin Grup acompanya les empreses en les seves [&hellip;]<\/p>\n","protected":false},"author":1,"featured_media":0,"parent":0,"menu_order":0,"comment_status":"closed","ping_status":"closed","template":"","meta":{"site-sidebar-layout":"default","site-content-layout":"","ast-site-content-layout":"default","site-content-style":"default","site-sidebar-style":"default","ast-global-header-display":"","ast-banner-title-visibility":"","ast-main-header-display":"","ast-hfb-above-header-display":"","ast-hfb-below-header-display":"","ast-hfb-mobile-header-display":"","site-post-title":"","ast-breadcrumbs-content":"","ast-featured-img":"","footer-sml-layout":"","ast-disable-related-posts":"","theme-transparent-header-meta":"","adv-header-id-meta":"","stick-header-meta":"","header-above-stick-meta":"","header-main-stick-meta":"","header-below-stick-meta":"","astra-migrate-meta-layouts":"default","ast-page-background-enabled":"default","ast-page-background-meta":{"desktop":{"background-color":"var(--ast-global-color-5)","background-image":"","background-repeat":"repeat","background-position":"center center","background-size":"auto","background-attachment":"scroll","background-type":"","background-media":"","overlay-type":"","overlay-color":"","overlay-opacity":"","overlay-gradient":""},"tablet":{"background-color":"","background-image":"","background-repeat":"repeat","background-position":"center center","background-size":"auto","background-attachment":"scroll","background-type":"","background-media":"","overlay-type":"","overlay-color":"","overlay-opacity":"","overlay-gradient":""},"mobile":{"background-color":"","background-image":"","background-repeat":"repeat","background-position":"center center","background-size":"auto","background-attachment":"scroll","background-type":"","background-media":"","overlay-type":"","overlay-color":"","overlay-opacity":"","overlay-gradient":""}},"ast-content-background-meta":{"desktop":{"background-color":"var(--ast-global-color-4)","background-image":"","background-repeat":"repeat","background-position":"center center","background-size":"auto","background-attachment":"scroll","background-type":"","background-media":"","overlay-type":"","overlay-color":"","overlay-opacity":"","overlay-gradient":""},"tablet":{"background-color":"var(--ast-global-color-4)","background-image":"","background-repeat":"repeat","background-position":"center center","background-size":"auto","background-attachment":"scroll","background-type":"","background-media":"","overlay-type":"","overlay-color":"","overlay-opacity":"","overlay-gradient":""},"mobile":{"background-color":"var(--ast-global-color-4)","background-image":"","background-repeat":"repeat","background-position":"center center","background-size":"auto","background-attachment":"scroll","background-type":"","background-media":"","overlay-type":"","overlay-color":"","overlay-opacity":"","overlay-gradient":""}},"footnotes":""},"class_list":["post-30","page","type-page","status-publish","hentry"],"_links":{"self":[{"href":"https:\/\/www.asin-grup.com\/index.php?rest_route=\/wp\/v2\/pages\/30","targetHints":{"allow":["GET"]}}],"collection":[{"href":"https:\/\/www.asin-grup.com\/index.php?rest_route=\/wp\/v2\/pages"}],"about":[{"href":"https:\/\/www.asin-grup.com\/index.php?rest_route=\/wp\/v2\/types\/page"}],"author":[{"embeddable":true,"href":"https:\/\/www.asin-grup.com\/index.php?rest_route=\/wp\/v2\/users\/1"}],"replies":[{"embeddable":true,"href":"https:\/\/www.asin-grup.com\/index.php?rest_route=%2Fwp%2Fv2%2Fcomments&post=30"}],"version-history":[{"count":3,"href":"https:\/\/www.asin-grup.com\/index.php?rest_route=\/wp\/v2\/pages\/30\/revisions"}],"predecessor-version":[{"id":42,"href":"https:\/\/www.asin-grup.com\/index.php?rest_route=\/wp\/v2\/pages\/30\/revisions\/42"}],"wp:attachment":[{"href":"https:\/\/www.asin-grup.com\/index.php?rest_route=%2Fwp%2Fv2%2Fmedia&parent=30"}],"curies":[{"name":"wp","href":"https:\/\/api.w.org\/{rel}","templated":true}]}}